{"id":128,"date":"2025-05-22T13:16:10","date_gmt":"2025-05-22T13:16:10","guid":{"rendered":"https:\/\/serwis.thermosilesia.pl\/?page_id=128"},"modified":"2025-09-04T11:32:03","modified_gmt":"2025-09-04T09:32:03","slug":"index","status":"publish","type":"page","link":"https:\/\/serwis.thermosilesia.pl\/pl\/","title":{"rendered":"Witaj na stronie Serwisu Thermosilesia"},"content":{"rendered":"\n<div style=\"text-align: center;\">\n    <a class=\"documents-link\" href=\"#footer-documents\" id=\"scrollToDocuments\" title=\"Przydatne dokumenty\" style=\"margin: 0;\">\n        Przydatne dokumenty\n    <\/a>\n<\/div>\n<style>\n.documents-link {\n    transition: color 0.3s ease;\n}\n.documents-link:hover {\n    color: #2C83F5 !important;\n    text-decoration: underline;\n}\n<\/style>\n\n\n\n<div class=\"thss_container\">\n    <div class=\"thss_row\">\n        <div class=\"thss_column\">\n            <div class=\"thss_content\">\n                <h1 class=\"thss_heading_with_border\">Zg\u0142oszenie awarii<\/h1>\n                <div class=\"info\">Urz\u0105dzenie wy\u015bwietla kod b\u0142\u0119du?<br\/>Niepokoi Ci\u0119 praca urz\u0105dzenia?<br\/><br\/>Wybierz t\u0105\n                    opcj\u0119 w&nbsp;przypadku problemu z&nbsp;produktami z&nbsp;naszej&nbsp;oferty.\n                <\/div>\n                <div class=\"foot1\">\n                    <a href=\"\/pl\/zgloszenie-awarii-gwarancyjnej\/\" class=\"btn btn-secondary dynamic-link\" \n                       data-pl=\"\/pl\/zgloszenie-awarii-gwarancyjnej\/\" \n                       data-en=\"\/en\/warranty-failure\/\">\n                        Przejd\u017a do formularza &raquo;\n                    <\/a>\n                <\/div>\n                <div class=\"foot2\">\n                    <a class=\"link dynamic-home-link\" href=\"https:\/\/thermosilesia.pl\/\">Wr\u00f3\u0107 na Thermosilesia.pl &raquo;<\/a>\n                <\/div>\n            <\/div>\n        <\/div>\n        <div class=\"thss_column\">\n            <div class=\"thss_content\">\n                <h1 class=\"thss_heading_with_border\">Konsultacja techniczna<\/h1>\n                <div class=\"info\">Nie jeste\u015b pewien jak dzia\u0142a funkcja w&nbsp;klimatyzatorze? Zastanawiasz si\u0119 jak\n                    prawid\u0142owo zamontowa\u0107 pomp\u0119 ciep\u0142a? Ciekawi Ci\u0119 jak dzia\u0142aj\u0105 funkcje w urz\u0105dzeniach? <br\/>Wybierz t\u0105\n                    opcj\u0119 w&nbsp;przypadku pyta\u0144 technicznych o&nbsp;produkty z&nbsp;naszej oferty.\n                <\/div>\n                <div class=\"foot1\">\n                    <a href=\"\/pl\/konsultacja-techniczna\/\" class=\"btn btn-secondary dynamic-link\"\n                       data-pl=\"\/pl\/konsultacja-techniczna\/\"\n                       data-en=\"\/en\/technical-consultation\/\">\n                        Przejd\u017a do formularza &raquo;\n                    <\/a>\n                <\/div>\n                <div class=\"foot2\">\n                    <a class=\"link dynamic-home-link\" href=\"https:\/\/thermosilesia.pl\/\">Wr\u00f3\u0107 na Thermosilesia.pl &raquo;<\/a>\n                <\/div>\n            <\/div>\n        <\/div>\n    <\/div>\n    <div class=\"thss_row\">\n        <div class=\"thss_column\">\n            <div class=\"thss_content\">\n                <h1 class=\"thss_heading_with_border\">Wycena i&nbsp;zakup cz\u0119\u015bci&nbsp;zamiennych<\/h1>\n                <div class=\"info\">Jeste\u015b zainteresowany zakupem cz\u0119\u015bci do urz\u0105dze\u0144 z&nbsp;naszej by\u0142ej lub aktualnej\n                    oferty?<br\/><br\/>Ta zak\u0142adka jest dla Ciebie!\n                <\/div>\n                <div class=\"foot1\">\n                    <a href=\"\/pl\/wycena-zakup-czesci-zamiennych\/\" class=\"btn btn-secondary dynamic-link\"\n                       data-pl=\"\/pl\/wycena-zakup-czesci-zamiennych\/\"\n                       data-en=\"\/en\/valuation-and-purchase-of-spare-parts\/\">\n                        Przejd\u017a do formularza &raquo;\n                    <\/a>\n                <\/div>\n                <div class=\"foot2\">\n                    <a class=\"link dynamic-home-link\" href=\"https:\/\/thermosilesia.pl\/\">Wr\u00f3\u0107 na Thermosilesia.pl &raquo;<\/a>\n                <\/div>\n            <\/div>\n        <\/div>\n        <div class=\"thss_column\">\n            <div class=\"thss_content\">\n                <h1 class=\"thss_heading_with_border\">Uruchomienie pomp ciep\u0142a i&nbsp;system\u00f3w&nbsp;RVF<\/h1>\n                <div class=\"info\">Chcesz dowiedzie\u0107 si\u0119 wi\u0119cej o&nbsp;procesie uruchomienia pompy ciep\u0142a lub systemu\n                    RVF? A mo\u017ce zaplanowa\u0142e\u015b uruchomienie i potrzebujesz naszego wsparcia? Je\u015bli tak, to idealne miejsce\n                    do zg\u0142oszenia nam tego.\n                <\/div>\n                <div class=\"foot1\">\n                    <a href=\"\/pl\/uruchomienie-pomp-ciepla-systemow-rvf\/\" class=\"btn btn-secondary dynamic-link\"\n                       data-pl=\"\/pl\/uruchomienie-pomp-ciepla-systemow-rvf\/\"\n                       data-en=\"\/en\/first-running-support-heat-pumps-vrf-systems\/\">\n                        Przejd\u017a do formularza &raquo;\n                    <\/a>\n                <\/div>\n                <div class=\"foot2\">\n                    <a class=\"link dynamic-home-link\" href=\"https:\/\/thermosilesia.pl\/\">Wr\u00f3\u0107 na Thermosilesia.pl &raquo;<\/a>\n                <\/div>\n            <\/div>\n        <\/div>\n    <\/div>\n    \n    <div class=\"container pt-6\">\n        <div class=\"h1 text-center heading-with-border-center\">\n            Kontakt\n        <\/div>\n        <p class=\"text-center mb-5\">\n            Dane Kontaktowe\n        <\/p>\n        <div class=\"ins-v-company-data basic text-center\" id=\"1b920e1d-8e2c-4572-93f8-cd6fdc5bb4f1\">\n            <p class=\"data-row mb-1\">\n                <a href=\"tel:+48326306220\">\n                    <strong>+48 32 630 62 20<\/strong>\n                <\/a><br>\n                <a href=\"mailto:serwis@thermosilesia.pl\">\n                    <strong>serwis@thermosilesia.pl<\/strong>\n                <\/a><br>\n                <strong>(Poniedzia\u0142ek &#8211; Pi\u0105tek 8-16)<\/strong>\n            <\/p>\n        <\/div>\n    <\/div>\n<\/div>\n\n<script>\n\/\/ Automatyczne dostosowanie link\u00f3w do j\u0119zyka\ndocument.addEventListener('DOMContentLoaded', function() {\n    \/\/ Bardziej dok\u0142adne sprawdzenie j\u0119zyka\n    const currentPath = window.location.pathname;\n    let currentLang = 'pl'; \/\/ domy\u015blnie polski\n    \n    \/\/ Sprawd\u017a r\u00f3\u017cne warianty\n    if (currentPath.includes('\/en\/') || currentPath.startsWith('\/en')) {\n        currentLang = 'en';\n    } else if (currentPath.includes('\/pl\/') || currentPath.startsWith('\/pl')) {\n        currentLang = 'pl';\n    }\n    \n    \/\/ Znajd\u017a wszystkie dynamiczne linki\n    const dynamicLinks = document.querySelectorAll('.dynamic-link');\n    \n    dynamicLinks.forEach(function(link) {\n        const targetUrl = link.dataset[currentLang];\n        if (targetUrl) {\n            \/\/ Ustaw odpowiedni URL\n            link.href = targetUrl;\n        }\n    });\n    \n    \/\/ Dostosuj tak\u017ce linki \"Wr\u00f3\u0107 na Thermosilesia.pl\"\n    const homeLinks = document.querySelectorAll('.dynamic-home-link');\n    homeLinks.forEach(function(link) {\n        if (currentLang === 'en') {\n            link.href = 'https:\/\/thermosilesia.pl\/en\/';\n        } else {\n            link.href = 'https:\/\/thermosilesia.pl\/';\n        }\n    });\n    \n    \/\/ Opcjonalnie: debug info (usu\u0144 w produkcji)\n    console.log('Current language detected:', currentLang);\n    console.log('Current path:', currentPath);\n});\n<\/script>\n\n\n\n<p><\/p>\n","protected":false},"excerpt":{"rendered":"<p>Zg\u0142oszenie awarii Urz\u0105dzenie wy\u015bwietla kod b\u0142\u0119du?Niepokoi Ci\u0119 praca urz\u0105dzenia? Wybierz t\u0105 opcj\u0119 w&nbsp;przypadku problemu z&nbsp;produktami z&nbsp;naszej&nbsp;oferty. Przejd\u017a do formularza &raquo; Wr\u00f3\u0107 na Thermosilesia.pl &raquo; Konsultacja techniczna Nie jeste\u015b pewien jak dzia\u0142a funkcja w&nbsp;klimatyzatorze? Zastanawiasz si\u0119 jak prawid\u0142owo zamontowa\u0107 pomp\u0119 ciep\u0142a? Ciekawi Ci\u0119 jak dzia\u0142aj\u0105 funkcje w urz\u0105dzeniach? Wybierz t\u0105 opcj\u0119 w&nbsp;przypadku pyta\u0144 technicznych o&nbsp;produkty z&nbsp;naszej [&hellip;]<\/p>\n","protected":false},"author":2,"featured_media":0,"parent":0,"menu_order":0,"comment_status":"closed","ping_status":"closed","template":"","meta":{"footnotes":""},"class_list":["post-128","page","type-page","status-publish","hentry"],"_links":{"self":[{"href":"https:\/\/serwis.thermosilesia.pl\/pl\/wp-json\/wp\/v2\/pages\/128","targetHints":{"allow":["GET"]}}],"collection":[{"href":"https:\/\/serwis.thermosilesia.pl\/pl\/wp-json\/wp\/v2\/pages"}],"about":[{"href":"https:\/\/serwis.thermosilesia.pl\/pl\/wp-json\/wp\/v2\/types\/page"}],"author":[{"embeddable":true,"href":"https:\/\/serwis.thermosilesia.pl\/pl\/wp-json\/wp\/v2\/users\/2"}],"replies":[{"embeddable":true,"href":"https:\/\/serwis.thermosilesia.pl\/pl\/wp-json\/wp\/v2\/comments?post=128"}],"version-history":[{"count":107,"href":"https:\/\/serwis.thermosilesia.pl\/pl\/wp-json\/wp\/v2\/pages\/128\/revisions"}],"predecessor-version":[{"id":359,"href":"https:\/\/serwis.thermosilesia.pl\/pl\/wp-json\/wp\/v2\/pages\/128\/revisions\/359"}],"wp:attachment":[{"href":"https:\/\/serwis.thermosilesia.pl\/pl\/wp-json\/wp\/v2\/media?parent=128"}],"curies":[{"name":"wp","href":"https:\/\/api.w.org\/{rel}","templated":true}]}}