{"id":102,"date":"2025-05-08T11:00:44","date_gmt":"2025-05-08T11:00:44","guid":{"rendered":"https:\/\/serwis.thermosilesia.pl\/?page_id=102"},"modified":"2025-06-03T02:57:28","modified_gmt":"2025-06-03T00:57:28","slug":"uruchomienie-pomp-ciepla-systemow-rvf","status":"publish","type":"page","link":"https:\/\/serwis.thermosilesia.pl\/pl\/uruchomienie-pomp-ciepla-systemow-rvf\/","title":{"rendered":"Uruchomienie pomp ciep\u0142a i\u00a0system\u00f3w\u00a0RVF"},"content":{"rendered":"\n<p class=\"has-medium-font-size\"><script defer src=\"https:\/\/serwis.thermosilesia.pl\/wp-content\/plugins\/thss_serwis\/public\/jquery\/validation\/jquery.validate.js\"><\/script><script defer src=\"https:\/\/serwis.thermosilesia.pl\/wp-content\/plugins\/thss_serwis\/public\/jquery\/validation\/localization\/messages_pl.js\"><\/script><p>Wype\u0142nij wszystkie wymagane pola w formularzu a nast\u0119pnie wy\u015blij zg\u0142oszenie. Pami\u0119taj by mo\u017cliwie jak najdok\u0142adniej opisa\u0107 zapytanie - Uzyskasz dzi\u0119ki temu szczeg\u00f3\u0142ow\u0105 odpowied\u017a na nurtuj\u0105ce Ci\u0119 pytanie.<\/p><p>W szczeg\u00f3lnych przypadkach nasi specjali\u015bci skontaktuj\u0105 si\u0119 z Tob\u0105 telefonicznie na numer, kt\u00f3ry podasz w zg\u0142oszeniu.<\/p><br\/><p>Po przes\u0142aniu formularza otrzymasz na podany adres email informacj\u0119 zwrotn\u0105 o potwierdzeniu przyj\u0119cia zg\u0142oszenia wraz z nadanym numerem sprawy.<\/p><form method=\"POST\" enctype=\"multipart\/form-data\" id=\"thss_main_form\" class=\"needs-validation\" novalidate><div class=\"thss_form_element tss_hp tss_rvf\"><label for=\"tss_device_type\" class=\"thss_form_label\">Rodzaj urz\u0105dzenia &nbsp;<sup class=\"thss_form_label_req\">*<\/sup><\/label><select class=\"form-select custom-select\" name=\"data[device_type]\" id=\"tss_device_type\" autofocus=\"autofocus\"><option value=\"2\">Pompa ciep\u0142a<\/option><option value=\"3\">System RVF<\/option><\/select><div class=\"invalid-feedback\">\r\n        Rodzaj urz\u0105dzenia jest wymagany.<br\/><\/div><\/div><div class=\"thss_form_element tss_hp\" style=\"display:none;clear:both;\"><label for=\"tss_authorization_level\" class=\"thss_form_label\">Stopie\u0144 autoryzacji <sup class=\"thss_form_label_req\">*<\/sup><\/label><select class=\"form-select custom-select\" name=\"data[authorization_level]\" id=\"tss_authorization_level\"><option value=\"3\">Brak autoryzacji - jestem instalatorem urz\u0105dzenia<\/option><option value=\"1\">Autoryzowany serwis stopie\u0144 2<\/option><option value=\"2\">Autoryzowany serwis<\/option><\/select><div class=\"valid-feedback\"><\/div><div class=\"invalid-feedback\">\r\n            Stopie\u0144 autoryzacji jest wymagany.<br\/><\/div><\/div><div class=\"thss_form_element tss_hp\" style=\"display:none;\"><label for=\"tss_warranty_type\" class=\"thss_form_label\">Rodzaj gwarancji <sup class=\"thss_form_label_req\">*<\/sup><\/label><select class=\"form-select custom-select\" name=\"data[warranty_type]\" id=\"tss_warranty_type\"><option value=\"2\">2-Letnia<\/option><option value=\"5\">5-Letnia<\/option><\/select><div class=\"valid-feedback\"><\/div><div class=\"invalid-feedback\">\r\n            Rodzaj gwarancji jest wymagany.<br\/><\/div><\/div><div class=\"thss_form_group_foot\"><sup class=\"thss_form_label_req\">*<\/sup> pole wymagane<\/div><div class=\"thss_form_group_title tss_hp tss_rvf\">Dane kontaktowe<\/div><div class=\"thss_form_element tss_comp_type tss_hp tss_rvf\"><label for=\"tss_company_name\" class=\"thss_form_label\">Nazwa firmy <sup class=\"thss_form_label_req\">*<\/sup><\/label><input type=\"text\" name=\"data[company_name]\" class=\"form-control\" id=\"tss_company_name\" value=\"\" placeholder=\"Podaj nazw\u0119 firmy\" required=\"required\"><div class=\"invalid-feedback\">\r\n        Nazwa firmy jest wymagana.<br\/><\/div><\/div><div class=\"thss_form_element tss_comp_type tss_hp tss_rvf\"><label for=\"tss_company_nip\" class=\"thss_form_label\">NIP <sup class=\"thss_form_label_req\">*<\/sup><\/label><input type=\"text\" name=\"data[company_nip]\" class=\"form-control\" id=\"tss_company_nip\" value=\"\" placeholder=\"Podaj numer NIP bez my\u015blnik\u00f3w i znak\u00f3w specjalnych np. 1234567890\" required=\"required\"><div class=\"invalid-feedback\">\r\n        Numer NIP firmy jest wymagany.<br\/><\/div><\/div><div class=\"thss_form_element_full tss_comp_type tss_user_type tss_hp tss_rvf\"><label for=\"tss_company_reporter\" class=\"thss_form_label\">Osoba zg\u0142aszaj\u0105ca <sup class=\"thss_form_label_req\">*<\/sup><\/label><input type=\"text\" name=\"data[company_reporter]\" class=\"form-control\" id=\"tss_company_reporter\" value=\"\" placeholder=\"Podaj osob\u0119 zg\u0142aszaj\u0105c\u0105\" required=\"required\"><div class=\"invalid-feedback\">\r\n        Osoba zg\u0142aszaj\u0105ca jest wymagana.<br\/><\/div><\/div><div class=\"thss_form_element tss_comp_type tss_user_type tss_hp tss_rvf\"><label for=\"tss_company_email\" class=\"thss_form_label\">Adres E-mail <sup class=\"thss_form_label_req\">*<\/sup><\/label><input type=\"email\" name=\"data[company_email]\" class=\"form-control\" id=\"tss_company_email\" value=\"\" placeholder=\"Podaj adres e-mail, na kt\u00f3ry wy\u015blemy odpowied\u017a na zg\u0142oszenie\" required=\"required\"><div class=\"invalid-feedback\">\r\n        Adres E-mail jest wymagany.<br\/><\/div><\/div><div class=\"thss_form_element tss_comp_type tss_user_type tss_hp tss_rvf\"><label for=\"tss_company_phone\" class=\"thss_form_label\">Telefon kontaktowy<\/label><input type=\"text\" name=\"data[company_phone]\" class=\"form-control\" value=\"\" placeholder=\"Podaj numer, na kt\u00f3ry mo\u017cemy skontaktowa\u0107 si\u0119 w sprawie zg\u0142oszenia\" id=\"tss_company_phone\"><div class=\"invalid-feedback\">\r\n        Telefon kontaktowy jest wymagany.<br\/><\/div><\/div><div class=\"thss_form_group_foot\"><sup class=\"thss_form_label_req\">*<\/sup> pole wymagane<\/div><div class=\"thss_form_group_title tss_hp tss_rvf\">Dane urz\u0105dzenia<\/div><div class=\"thss_form_element tss_comp_type tss_user_type tss_hp tss_rvf tss_user_type\"><label for=\"tss_model\" class=\"thss_form_label\">Pe\u0142ny model urz\u0105dzenia <sup class=\"thss_form_label_req\">*<\/sup><\/label><input type=\"text\" name=\"data[model]\" class=\"form-control\" id=\"tss_model\" value=\"\" placeholder=\"Podaj pe\u0142ny model wraz z rewizj\u0105 np. I35Xi R15\" required=\"required\"><div class=\"invalid-feedback\">\r\n        Pe\u0142ny model urz\u0105dzenia jest wymagany.<br\/><\/div><\/div><div class=\"thss_form_element tss_comp_type tss_user_type tss_hp tss_rvf tss_user_type\"><label for=\"tss_serial_no\" class=\"thss_form_label\">Numer seryjny <sup class=\"thss_form_label_req\">*<\/sup><\/label><input type=\"text\" name=\"data[serial_no]\" class=\"form-control\" id=\"tss_serial_no\" value=\"\" placeholder=\"Podaj numer fabryczny lub seryjny np. RIXI3518180161 lub 540N18916981C9017\" required=\"required\"><div class=\"invalid-feedback\">\r\n        Numer seryjny jest wymagany.<br\/><\/div><!--<div class=\"thss_form_hint\">Numer fabryczny lub seryjny np. RIXI3518180161 lub 540N18916981C9017.<\/div>\/\/--><\/div><div class=\"thss_form_element\" id=\"tss_ekg_number_row\" style=\"display:none;\"><label for=\"tss_ekg_number\" class=\"thss_form_label\">Numer zlecenia EKG <sup class=\"thss_form_label_req\">*<\/sup><\/label><input type=\"text\" name=\"data[ekg_number]\" class=\"form-control\" id=\"tss_ekg_number\" value=\"\"><div class=\"valid-feedback\"><\/div><div class=\"invalid-feedback\">\r\n            Numer zlecenia EKG jest wymagany.<br\/><\/div><\/div><div class=\"thss_form_group_foot\"><sup class=\"thss_form_label_req\">*<\/sup> pole wymagane<\/div><div class=\"thss_form_group_title tss_hp tss_rvf\">Opis<\/div><div class=\"thss_form_element_full tss_hp tss_rvf\"><label for=\"tss_description\" class=\"thss_form_label\">Tre\u015b\u0107 zapytania <sup class=\"thss_form_label_req\">*<\/sup><\/label><textarea name=\"data[description]\" class=\"form-control\" id=\"tss_description\" required=\"required\" rows=\"8\"><\/textarea><div class=\"valid-feedback\"><\/div><div class=\"invalid-feedback\">\r\n        Tre\u015b\u0107 zapytania jest wymagana<br\/><\/div><\/div><div class=\"thss_form_group_foot\"><sup class=\"thss_form_label_req\">*<\/sup> pole wymagane<\/div><div class=\"thss_form_group_title tss_hp tss_rvf\">Za\u0142\u0105czniki<\/div><div class=\"thss_form_hint tss_hp tss_rvf\">Jako za\u0142\u0105cznik mo\u017cesz przekaza\u0107 pliki: jpg, jpeg, png, pdf lub zip. <b>Inne pliki b\u0119d\u0105 odrzucane.<\/b><\/div><div class=\"thss-file-uploads\"><div class=\"thss-file-upload-row tss_hp\"><div class=\"thss-file-upload-cell thss-ellipsis\" style=\"width:20%;\"><img loading=\"lazy\" decoding=\"async\" src=\"https:\/\/serwis.thermosilesia.pl\/wp-content\/themes\/thermosilesia2\/assets\/img\/file-info.svg\" width=\"15\" height=\"21\" \/>&nbsp;\r\n        Zdj\u0119cie instalacji<\/div><div class=\"thss-file-upload-cell\" style=\"width:142px;\"><label for=\"fileInput5\" class=\"thss-upload-icon\" data-input=\"fileInput5\"><img loading=\"lazy\" decoding=\"async\" src=\"https:\/\/serwis.thermosilesia.pl\/wp-content\/themes\/thermosilesia2\/assets\/img\/select-file.svg\" width=\"142\" height=\"37\" \/><\/label><input type=\"file\" class=\"thss-file-input\" id=\"fileInput5\" name=\"file5\" accept=\"image\/png, image\/jpeg, application\/pdf, image\/jpg, application\/zip\" \/><\/div><div class=\"thss-file-upload-cell thss-ellipsis\" style=\"width:auto;\"><div class=\"thss-file-info\" id=\"fileInfo5\">Brak pliku<\/div><div class=\"invalid-feedback\">\r\n            Plik za\u0142\u0105cznika zawieraj\u0105cy zdj\u0119cie instalacji jest wymagany.<br\/><\/div><\/div><div class=\"thss-file-upload-cell\" style=\"width:10px;\"><div class=\"thss-clear-button thss-clear-button5\"><img loading=\"lazy\" decoding=\"async\" class=\"thss-desktop\" src=\"https:\/\/serwis.thermosilesia.pl\/wp-content\/themes\/thermosilesia2\/assets\/img\/cross.svg\" id=\"clearButton5\" width=\"10\" height=\"10\" \/><a href=\"#\" class=\"btn btn-default thss-mobile\">Usu\u0144<\/a><\/div><\/div><\/div><div class=\"thss-file-upload-row tss_hp\"><div class=\"thss-file-upload-cell thss-ellipsis\" style=\"width:20%;\"><img loading=\"lazy\" decoding=\"async\" src=\"https:\/\/serwis.thermosilesia.pl\/wp-content\/themes\/thermosilesia2\/assets\/img\/file-info.svg\" width=\"15\" height=\"21\" \/>&nbsp;\r\n        Zdj\u0119cie numeru seryjnego urz\u0105dzenia<\/div><div class=\"thss-file-upload-cell\" style=\"width:142px;\"><label for=\"fileInput6\" class=\"thss-upload-icon\" data-input=\"fileInput6\"><img loading=\"lazy\" decoding=\"async\" src=\"https:\/\/serwis.thermosilesia.pl\/wp-content\/themes\/thermosilesia2\/assets\/img\/select-file.svg\" width=\"142\" height=\"37\" \/><\/label><input type=\"file\" class=\"thss-file-input\" id=\"fileInput6\" name=\"file6\" accept=\"image\/png, image\/jpeg, application\/pdf, image\/jpg, application\/zip\" \/><\/div><div class=\"thss-file-upload-cell thss-ellipsis\" style=\"width:auto;\"><div class=\"thss-file-info\" id=\"fileInfo6\">Brak pliku<\/div><div class=\"invalid-feedback\">\r\n            Plik za\u0142\u0105cznika zawieraj\u0105cy zdj\u0119cie numeru seryjnego urz\u0105dzenia jest wymagany.<br\/><\/div><\/div><div class=\"thss-file-upload-cell\" style=\"width:10px;\"><div class=\"thss-clear-button thss-clear-button6\"><img loading=\"lazy\" decoding=\"async\" class=\"thss-desktop\" src=\"https:\/\/serwis.thermosilesia.pl\/wp-content\/themes\/thermosilesia2\/assets\/img\/cross.svg\" id=\"clearButton6\" width=\"10\" height=\"10\" \/><a href=\"#\" class=\"btn btn-default thss-mobile\">Usu\u0144<\/a><\/div><\/div><\/div><div class=\"thss-file-upload-row tss_rvf\"><div class=\"thss-file-upload-cell thss-ellipsis\" style=\"width:20%;\"><img loading=\"lazy\" decoding=\"async\" src=\"https:\/\/serwis.thermosilesia.pl\/wp-content\/themes\/thermosilesia2\/assets\/img\/file-info.svg\" width=\"15\" height=\"21\" \/>&nbsp;\r\n        Zdj\u0119cie raportu doborowego<\/div><div class=\"thss-file-upload-cell\" style=\"width:142px;\"><label for=\"fileInput7\" class=\"thss-upload-icon\" data-input=\"fileInput7\"><img loading=\"lazy\" decoding=\"async\" src=\"https:\/\/serwis.thermosilesia.pl\/wp-content\/themes\/thermosilesia2\/assets\/img\/select-file.svg\" width=\"142\" height=\"37\" \/><\/label><input type=\"file\" class=\"thss-file-input\" id=\"fileInput7\" name=\"file7\" accept=\"image\/png, image\/jpeg, application\/pdf, image\/jpg, application\/zip\" \/><\/div><div class=\"thss-file-upload-cell thss-ellipsis\" style=\"width:auto;\"><div class=\"thss-file-info\" id=\"fileInfo7\">Brak pliku<\/div><div class=\"invalid-feedback\">\r\n            Plik za\u0142\u0105cznika zawieraj\u0105cy zdj\u0119cie raportu doborowego jest wymagane.<br\/><\/div><\/div><div class=\"thss-file-upload-cell\" style=\"width:10px;\"><div class=\"thss-clear-button thss-clear-button7\"><img loading=\"lazy\" decoding=\"async\" class=\"thss-desktop\" src=\"https:\/\/serwis.thermosilesia.pl\/wp-content\/themes\/thermosilesia2\/assets\/img\/cross.svg\" id=\"clearButton7\" width=\"10\" height=\"10\" \/><a href=\"#\" class=\"btn btn-default thss-mobile\">Usu\u0144<\/a><\/div><\/div><\/div><\/div><div class=\"thss_form_element_full form-check form-switch ths-form-check\"><label class=\"thss-checkbox\"><input type=\"checkbox\" class=\"form-check-input\" name=\"confirm1\" id=\"thss_confirm1\" required=\"required\"><span class=\"thss-checkmark\"><svg viewBox=\"0 0 24 24\"><path d=\"M9 16.17L4.83 12l-1.42 1.41L9 19 21 7l-1.41-1.41z\"\/><\/svg><\/span><\/label><label class=\"form-check-label\" for=\"thss_confirm1\">\r\n        O\u015bwiadczam, i\u017c zapozna\u0142em\/am si\u0119 z polityk\u0105 prywatno\u015bci Grupy Thermosilesia, dost\u0119pn\u0105 pod adresem         <a href=\"https:\/\/thermosilesia.pl\/pl\/page\/polityka-prywatnosci-stron-grupy-thermosilesia\" target=\"_blank\">https:\/\/thermosilesia.pl\/pl\/page\/polityka-prywatnosci-stron-grupy-thermosilesia<\/a>. Zrozumia\u0142em\/am, \u017ce moje dane osobowe b\u0119d\u0105 przetwarzane w celach okre\u015blonych w polityce prywatno\u015bci oraz \u017ce przys\u0142uguj\u0105 mi prawa wynikaj\u0105ce z RODO, w tym prawo dost\u0119pu, sprostowania, usuni\u0119cia, ograniczenia przetwarzania, sprzeciwu i przenoszenia danych.        <sup class=\"thss_form_label_req\">*<\/sup><\/label><div class=\"invalid-feedback\">\r\n        Zaakceptowanie polityki prywatno\u015bci jest wymagane.<br\/><\/div><\/div><div class=\"thss_form_group_foot\"><sup class=\"thss_form_label_req\">*<\/sup> pole wymagane<\/div><div class=\"thss_form_element_full\"><button type=\"submit\" class=\"btn btn-secondary btn-lg thss-btn-action\">Wy\u015blij zg\u0142oszenie<\/button><a class=\"btn btn-default thss-btn-action\" href=\"\/\">Powr\u00f3t do Thermosilesia<\/a><\/div><input type=\"hidden\" name=\"data[user_type]\" value=\"3\"\/><input type=\"hidden\" id=\"_thss_form\" name=\"_thss_form\" value=\"d2ed64ac56\" \/><input type=\"hidden\" name=\"_wp_http_referer\" value=\"\/pl\/wp-json\/wp\/v2\/pages\/102\" \/><input name=\"action\" value=\"thss_form\" type=\"hidden\"><input name=\"token\" value=\"f5262502a3aae807132db4b4625cd160\" type=\"hidden\"><\/form><div id=\"loadingOverlay\" class=\"thss-overlay\"><div class=\"thss-loading-dialog\"><p>Trwa przesy\u0142anie za\u0142\u0105cznik\u00f3w oraz generowanie zg\u0142oszenia<br\/>Prosimy o cierpliwo\u015b\u0107...<\/p><div class=\"thss-spinner\"><\/div><\/div><\/div><script>\r\njQuery(document).ready(function() {\r\n\r\n    function thss_findFeedback(el) {\r\n        var feedback = jQuery(el).next('.invalid-feedback');\r\n        if(!feedback.length)\r\n        {\r\n            var feedback = jQuery(el).find('.invalid-feedback');\r\n            if(!feedback.length)\r\n            {\r\n                feedback = jQuery(el).parent().find('.invalid-feedback');\r\n                if(!feedback.length)\r\n                    feedback = jQuery(el).parent().parent().find('.invalid-feedback');\r\n            }\r\n        }\r\n        return feedback;\r\n    }\r\n\r\n    function thss_validate(el) {\r\n        var valid = el.checkValidity();\r\n        const feedback = thss_findFeedback(el);\r\n        if (valid) {\r\n            jQuery(el).removeClass('is-invalid').addClass('is-valid');\r\n            feedback.hide();\r\n        } else {\r\n            jQuery(el).removeClass('is-valid').addClass('is-invalid');\r\n            feedback.show();\r\n        }\r\n\r\n        return valid;\r\n    }\r\n\r\n    function thss_check(el) {\r\n        var isRo = jQuery(el).is('[readonly]');\r\n        if(isRo) jQuery(el).removeAttr('readonly');\r\n\r\n        var valid = thss_validate(el);\r\n        if(isRo) jQuery(el).attr('readonly', true);\r\n\r\n        return valid;\r\n    }\r\n\r\n    jQuery('#thss_main_form').on('blur change', 'input:not([type=\"hidden\"]), select, textarea', function() {\r\n        if (jQuery(this).hasClass('is-invalid') || jQuery(this).hasClass('is-valid')) {\r\n            thss_check(this);\r\n        }\r\n    });\r\n\r\n    jQuery('#thss_main_form').on('submit', function(e) {\r\n        var valid = true;\r\n\r\n        jQuery(this).find('input:not([type=\"hidden\"]), select, textarea').each(function() {\r\n            if (!thss_check(this)) {\r\n                valid = false;\r\n            }\r\n        });\r\n\r\n        jQuery(this).addClass('was-validated');\r\n\r\n        if (!valid) {\r\n            e.preventDefault();\r\n            jQuery(this).find('.is-invalid:first').focus();\r\n            return false;\r\n        } else {\r\n            jQuery('#loadingOverlay').addClass('active');\r\n        }\r\n    });\r\n});\r\n<\/script><script>\r\n\r\nfunction initializeRow(rowNumber) {\r\n    jQuery(`.thss-upload-icon[data-input=\"fileInput${rowNumber}\"]`).off('click.thss').on('click.thss', function(e) {\r\n        e.preventDefault();\r\n        e.stopPropagation();\r\n        jQuery(`#fileInput${rowNumber}`).click();\r\n        return false;\r\n    });\r\n\r\n    jQuery(`#fileInput${rowNumber}`).off('change.thss').on('change.thss', function(e) {\r\n        const files = e.target.files;\r\n        if (files && files.length > 0) {\r\n            jQuery(`.thss-clear-button${rowNumber}`).addClass('show');\r\n            jQuery(`#fileInfo${rowNumber}`).text(files[0].name);\r\n        } else {\r\n            jQuery(`.thss-clear-button${rowNumber}`).removeClass('show');\r\n            jQuery(`#fileInfo${rowNumber}`).text('Brak pliku');\r\n        }\r\n    });\r\n\r\n    jQuery(`.thss-clear-button${rowNumber}`).off('click.thss').on('click.thss', function(e) {\r\n        e.preventDefault();\r\n        e.stopPropagation();\r\n        jQuery(`#fileInput${rowNumber}`).val('');\r\n        jQuery(`.thss-clear-button${rowNumber}`).removeClass('show');\r\n        jQuery(`#fileInfo${rowNumber}`).text('Brak pliku');\r\n        return false;\r\n    });\r\n}\r\n<\/script><script>\r\n    $(document).ready(function() {\r\n\r\n        function onDeviceTypeChange()\r\n        {\r\n            var element = $('#tss_device_type').find(\":selected\");\r\n            var element2 = $('#tss_warranty_type').find(':selected');\r\n\r\n            if($(element2).val() == 5 && $(element).val() == '2')\r\n            {\r\n                $('#tss_ekg_number_row').show();\r\n                $('#tss_ekg_number').prop('required', true);\r\n            }\r\n            else\r\n            {\r\n                $('#tss_ekg_number_row').hide();\r\n                $('#tss_ekg_number').prop('required', false);\r\n            }\r\n\r\n            if($(element).val() == '2')\r\n            {\r\n                $('.tss_rvf:not(.tss_hp)').css('display', 'none');\r\n                $('.tss_hp').css('display', 'block');\r\n\r\n                $('#tss_warranty_type').prop('required', true);\r\n                $('#tss_authorization_level').prop('required', true);\r\n            }\r\n            else {\r\n                $('.tss_hp:not(.tss_rvf)').css('display', 'none');\r\n                $('.tss_rvf').css('display', 'block');\r\n\r\n                $('#tss_warranty_type').prop('required', false);\r\n                $('#authorization_level').prop('required', false);\r\n            }\r\n        }\r\n\r\n        $('#tss_device_type, #tss_warranty_type').on('change', function () {\r\n            onDeviceTypeChange();\r\n        });\r\n\r\n        onDeviceTypeChange();\r\n\r\n        initializeRow(5);\r\n        initializeRow(6);\r\n        initializeRow(7);\r\n    });\r\n<\/script>\r\n<\/p>\n\n\n\n<p class=\"has-medium-font-size\"><\/p>\n\n\n\n<p><\/p>\n","protected":false},"excerpt":{"rendered":"","protected":false},"author":2,"featured_media":0,"parent":0,"menu_order":0,"comment_status":"closed","ping_status":"closed","template":"","meta":{"footnotes":""},"class_list":["post-102","page","type-page","status-publish","hentry"],"_links":{"self":[{"href":"https:\/\/serwis.thermosilesia.pl\/pl\/wp-json\/wp\/v2\/pages\/102","targetHints":{"allow":["GET"]}}],"collection":[{"href":"https:\/\/serwis.thermosilesia.pl\/pl\/wp-json\/wp\/v2\/pages"}],"about":[{"href":"https:\/\/serwis.thermosilesia.pl\/pl\/wp-json\/wp\/v2\/types\/page"}],"author":[{"embeddable":true,"href":"https:\/\/serwis.thermosilesia.pl\/pl\/wp-json\/wp\/v2\/users\/2"}],"replies":[{"embeddable":true,"href":"https:\/\/serwis.thermosilesia.pl\/pl\/wp-json\/wp\/v2\/comments?post=102"}],"version-history":[{"count":7,"href":"https:\/\/serwis.thermosilesia.pl\/pl\/wp-json\/wp\/v2\/pages\/102\/revisions"}],"predecessor-version":[{"id":237,"href":"https:\/\/serwis.thermosilesia.pl\/pl\/wp-json\/wp\/v2\/pages\/102\/revisions\/237"}],"wp:attachment":[{"href":"https:\/\/serwis.thermosilesia.pl\/pl\/wp-json\/wp\/v2\/media?parent=102"}],"curies":[{"name":"wp","href":"https:\/\/api.w.org\/{rel}","templated":true}]}}