{"id":344,"date":"2025-05-08T11:04:11","date_gmt":"2025-05-08T09:04:11","guid":{"rendered":"https:\/\/serwis.thermosilesia.pl\/valuation-and-purchase-of-spare-parts\/"},"modified":"2025-09-02T13:08:45","modified_gmt":"2025-09-02T11:08:45","slug":"valuation-and-purchase-of-spare-parts","status":"publish","type":"page","link":"https:\/\/serwis.thermosilesia.pl\/en\/valuation-and-purchase-of-spare-parts\/","title":{"rendered":"Valuation and purchase of spare parts"},"content":{"rendered":"\n<script defer src=\"https:\/\/serwis.thermosilesia.pl\/wp-content\/plugins\/thss_serwis\/public\/jquery\/validation\/jquery.validate.js\"><\/script><script defer src=\"https:\/\/serwis.thermosilesia.pl\/wp-content\/plugins\/thss_serwis\/public\/jquery\/validation\/localization\/messages_pl.js\"><\/script><p>Complete all required fields in the form and submit your request. Remember to describe your inquiry as precisely as possible. This will ensure you receive a detailed answer to your question. <\/p><p>If its required, our specialist will contact with you by phone.<\/p><br\/><p>After submitting the form please check your email. We will send the submitting confirmation with ticket ID.<\/p><form method=\"POST\" enctype=\"multipart\/form-data\" id=\"thss_main_form\" class=\"needs-validation\" novalidate><div class=\"thss_form_element mb-3 tss_user_type\"><label for=\"tss_device_type\" class=\"thss_form_label\">Type of product &nbsp;<sup class=\"thss_form_label_req\">*<\/sup><\/label><select class=\"form-select custom-select\" name=\"data[device_type]\" id=\"tss_device_type\" autofocus=\"autofocus\"><option value=\"1\">Air conditioner<\/option><option value=\"2\">Heat pump<\/option><option value=\"3\">RVF System<\/option><option value=\"4\">Heat recovery unit<\/option><option value=\"5\">Other<\/option><\/select><div class=\"invalid-feedback\">\r\n        Type of product is required.<br\/><\/div><\/div><div class=\"thss_form_group_title tss_user_type\">Contact data<\/div><div class=\"thss_form_element tss_comp_type tss_hp tss_rvf\"><label for=\"tss_company_name\" class=\"thss_form_label\">Company name <sup class=\"thss_form_label_req\">*<\/sup><\/label><input type=\"text\" name=\"data[company_name]\" class=\"form-control\" id=\"tss_company_name\" value=\"\" placeholder=\"Enter company name\" required=\"required\"><div class=\"invalid-feedback\">\r\n        Company name is required.<br\/><\/div><\/div><div class=\"thss_form_element tss_comp_type tss_hp tss_rvf\"><label for=\"tss_company_nip\" class=\"thss_form_label\">Tax identification number<\/label><input type=\"text\" name=\"data[company_nip]\" class=\"form-control\" id=\"tss_company_nip\" value=\"\" placeholder=\"Podaj numer NIP bez my\u015blnik\u00f3w i znak\u00f3w specjalnych np. 1234567890\"><div class=\"invalid-feedback\">\r\n        Tax identification number is required.<br\/><\/div><\/div><div class=\"thss_form_element_full tss_comp_type tss_user_type tss_hp tss_rvf\"><label for=\"tss_company_reporter\" class=\"thss_form_label\">Name and surname <sup class=\"thss_form_label_req\">*<\/sup><\/label><input type=\"text\" name=\"data[company_reporter]\" class=\"form-control\" id=\"tss_company_reporter\" value=\"\" placeholder=\"Name and surname\" required=\"required\"><div class=\"invalid-feedback\">\r\n        Name and surname are required.<br\/><\/div><\/div><div class=\"thss_form_element tss_comp_type tss_user_type tss_hp tss_rvf\"><label for=\"tss_company_email\" class=\"thss_form_label\">Email address <sup class=\"thss_form_label_req\">*<\/sup><\/label><input type=\"email\" name=\"data[company_email]\" class=\"form-control\" id=\"tss_company_email\" value=\"\" placeholder=\"Enter the email address\" required=\"required\"><div class=\"invalid-feedback\">\r\n        Email address is required.<br\/><\/div><\/div><div class=\"thss_form_element tss_comp_type tss_user_type tss_hp tss_rvf\"><label for=\"tss_company_phone\" class=\"thss_form_label\">Phone number<\/label><input type=\"text\" name=\"data[company_phone]\" class=\"form-control\" value=\"\" placeholder=\"Enter the phone number\" id=\"tss_company_phone\"><div class=\"invalid-feedback\">\r\n        Phone number is required<br\/><\/div><\/div><div class=\"thss_form_element\"><label for=\"tss_shipping_address\" class=\"thss_form_label\">Address for delivery the spare parts <sup class=\"thss_form_label_req\">*<\/sup><\/label><input type=\"text\" name=\"data[shipping_address]\" class=\"form-control\" value=\"\" id=\"tss_shipping_address\" placeholder=\"Street, number, postal code, city, region\" required=\"required\"><div class=\"invalid-feedback\">\r\n            Address for delivery the spare parts is required.<br\/><\/div><\/div><div class=\"thss_form_group_foot\"><sup class=\"thss_form_label_req\">*<\/sup> Required<\/div><div class=\"thss_form_group_title tss_user_type\">Machine details<\/div><div class=\"thss_form_element tss_comp_type tss_user_type tss_hp tss_rvf tss_user_type\"><label for=\"tss_model\" class=\"thss_form_label\">Model of product <sup class=\"thss_form_label_req\">*<\/sup><\/label><input type=\"text\" name=\"data[model]\" class=\"form-control\" id=\"tss_model\" value=\"\" placeholder=\"Enter the full model with revision, e.g. I35Xi R14\" required=\"required\"><div class=\"invalid-feedback\">\r\n        Model of product is required.<br\/><\/div><\/div><div class=\"thss_form_element tss_comp_type tss_user_type tss_hp tss_rvf tss_user_type\"><label for=\"tss_serial_no\" class=\"thss_form_label\">Serial number <sup class=\"thss_form_label_req\">*<\/sup><\/label><input type=\"text\" name=\"data[serial_no]\" class=\"form-control\" id=\"tss_serial_no\" value=\"\" placeholder=\"Enter the factory or serial number e.g. RIXI3518180161 or 540N18916981C9017\" required=\"required\"><div class=\"invalid-feedback\">\r\n        Serial number is required.<br\/><\/div><!--<div class=\"thss_form_hint\">Serial number e.g. RIXI3518180161 or 540N18916981C9017.<\/div>\/\/--><\/div><div class=\"thss_form_group_foot\"><sup class=\"thss_form_label_req\">*<\/sup> Required<\/div><div class=\"thss_form_group_title tss_user_type\">Description<\/div><div class=\"thss_form_element_full tss_user_type\"><label for=\"tss_description\" class=\"thss_form_label\">Description <sup class=\"thss_form_label_req\">*<\/sup><\/label><textarea name=\"data[description]\" class=\"form-control\" id=\"tss_description\" required=\"required\" rows=\"8\"><\/textarea><div class=\"valid-feedback\"><\/div><div class=\"invalid-feedback\">\r\n        Description is required<br\/><\/div><\/div><div class=\"thss_form_group_foot\"><sup class=\"thss_form_label_req\">*<\/sup> Required<\/div><div class=\"thss_form_group_title tss_user_type\">Attachments<\/div><div class=\"thss_form_hint tss_user_type\">\r\n        Types of available attachments: jpg, jpeg, png, pdf lub zip.        <b>Other files will be rejected.<\/b><\/div><div class=\"thss-file-uploads\"><div class=\"thss-file-upload-row tss_user_type\"><div class=\"thss-file-upload-cell thss-ellipsis\" style=\"width:20%;\"><img loading=\"lazy\" decoding=\"async\" src=\"https:\/\/serwis.thermosilesia.pl\/wp-content\/themes\/thermosilesia2\/assets\/img\/file-info.svg\" width=\"15\" height=\"21\" \/>&nbsp;\r\n        The label photo<\/div><div class=\"thss-file-upload-cell\" style=\"width:142px;\"><label for=\"fileInput3\" class=\"thss-upload-icon\" data-input=\"fileInput3\"><img loading=\"lazy\" decoding=\"async\" src=\"https:\/\/serwis.thermosilesia.pl\/wp-content\/themes\/thermosilesia2\/assets\/img\/select-file-en.svg\" width=\"142\" height=\"37\" \/><\/label><input type=\"file\" class=\"thss-file-input\" id=\"fileInput3\" name=\"file3\" accept=\"image\/png, image\/jpeg, application\/pdf, image\/jpg, application\/zip\" \/><\/div><div class=\"thss-file-upload-cell thss-ellipsis\" style=\"width:auto;\"><div class=\"thss-file-info\" id=\"fileInfo3\">No file<\/div><div class=\"invalid-feedback\">\r\n            The product label photo is required.<br\/><\/div><\/div><div class=\"thss-file-upload-cell\" style=\"width:10px;\"><div class=\"thss-clear-button thss-clear-button3\"><img loading=\"lazy\" decoding=\"async\" class=\"thss-desktop\" src=\"https:\/\/serwis.thermosilesia.pl\/wp-content\/themes\/thermosilesia2\/assets\/img\/cross.svg\" id=\"clearButton3\" width=\"10\" height=\"10\" \/><a href=\"#\" class=\"btn btn-default thss-mobile\">Delete.<\/a><\/div><\/div><\/div><div class=\"thss-file-upload-row tss_user_type\"><div class=\"thss-file-upload-cell thss-ellipsis\" style=\"width:20%;\"><img loading=\"lazy\" decoding=\"async\" src=\"https:\/\/serwis.thermosilesia.pl\/wp-content\/themes\/thermosilesia2\/assets\/img\/file-info.svg\" width=\"15\" height=\"21\" \/>&nbsp;\r\n        Spare part photo for quotation<\/div><div class=\"thss-file-upload-cell\" style=\"width:142px;\"><label for=\"fileInput4\" class=\"thss-upload-icon\" data-input=\"fileInput4\"><img loading=\"lazy\" decoding=\"async\" src=\"https:\/\/serwis.thermosilesia.pl\/wp-content\/themes\/thermosilesia2\/assets\/img\/select-file-en.svg\" width=\"142\" height=\"37\" \/><\/label><input type=\"file\" class=\"thss-file-input\" id=\"fileInput4\" name=\"file4\" accept=\"image\/png, image\/jpeg, application\/pdf, image\/jpg, application\/zip\" \/><\/div><div class=\"thss-file-upload-cell thss-ellipsis\" style=\"width:auto;\"><div class=\"thss-file-info\" id=\"fileInfo4\">No file<\/div><div class=\"invalid-feedback\">\r\n            Spare part photo for quotation is required.<br\/><\/div><\/div><div class=\"thss-file-upload-cell\" style=\"width:10px;\"><div class=\"thss-clear-button thss-clear-button4\"><img loading=\"lazy\" decoding=\"async\" class=\"thss-desktop\" src=\"https:\/\/serwis.thermosilesia.pl\/wp-content\/themes\/thermosilesia2\/assets\/img\/cross.svg\" id=\"clearButton4\" width=\"10\" height=\"10\" \/><a href=\"#\" class=\"btn btn-default thss-mobile\">Delete.<\/a><\/div><\/div><\/div><\/div><div class=\"thss_form_element_full form-check form-switch ths-form-check\"><label class=\"thss-checkbox\"><input type=\"checkbox\" class=\"form-check-input\" name=\"confirm1\" id=\"thss_confirm1\" required=\"required\"><span class=\"thss-checkmark\"><svg viewBox=\"0 0 24 24\"><path d=\"M9 16.17L4.83 12l-1.42 1.41L9 19 21 7l-1.41-1.41z\"\/><\/svg><\/span><\/label><label class=\"form-check-label\" for=\"thss_confirm1\">\r\n        I declare that I have read and understood the privacy policy of the Thermosilesia Group, available at        <a href=\"https:\/\/thermosilesia.pl\/pl\/page\/polityka-prywatnosci-stron-grupy-thermosilesia\" target=\"_blank\">https:\/\/thermosilesia.pl\/pl\/page\/polityka-prywatnosci-stron-grupy-thermosilesia<\/a>I understand that my personal data will be processed for the purposes specified in the privacy policy and that I have rights under GDPR, including the right to access, rectification, deletion, restriction of processing, objection, and data portability.        <sup class=\"thss_form_label_req\">*<\/sup><\/label><div class=\"invalid-feedback\">\r\n        Accepting the privacy policy is required.<br\/><\/div><\/div><div class=\"thss_form_group_foot\"><sup class=\"thss_form_label_req\">*<\/sup> Required<\/div><div class=\"thss_form_element_full\"><button type=\"submit\" class=\"btn btn-secondary btn-lg thss-btn-action\">Submit<\/button><a class=\"btn btn-default thss-btn-action\" href=\"\/\">Return to Thermosilesia.pl<\/a><\/div><input type=\"hidden\" name=\"data[user_type]\" value=\"3\"\/><input type=\"hidden\" id=\"_thss_form\" name=\"_thss_form\" value=\"d2ed64ac56\" \/><input type=\"hidden\" name=\"_wp_http_referer\" value=\"\/en\/wp-json\/wp\/v2\/pages\/344\" \/><input name=\"action\" value=\"thss_form\" type=\"hidden\"><input name=\"token\" value=\"34490df913662b09dcc8f424b6a1484f\" type=\"hidden\"><\/form><div id=\"loadingOverlay\" class=\"thss-overlay\"><div class=\"thss-loading-dialog\"><p>The attachments are uploading and the form is submitted.<br\/>Please wait<\/p><div class=\"thss-spinner\"><\/div><\/div><\/div><script>\r\njQuery(document).ready(function() {\r\n\r\n    function thss_findFeedback(el) {\r\n        var feedback = jQuery(el).next('.invalid-feedback');\r\n        if(!feedback.length)\r\n        {\r\n            var feedback = jQuery(el).find('.invalid-feedback');\r\n            if(!feedback.length)\r\n            {\r\n                feedback = jQuery(el).parent().find('.invalid-feedback');\r\n                if(!feedback.length)\r\n                    feedback = jQuery(el).parent().parent().find('.invalid-feedback');\r\n            }\r\n        }\r\n        return feedback;\r\n    }\r\n\r\n    function thss_validate(el) {\r\n        var valid = el.checkValidity();\r\n        const feedback = thss_findFeedback(el);\r\n        if (valid) {\r\n            jQuery(el).removeClass('is-invalid').addClass('is-valid');\r\n            feedback.hide();\r\n        } else {\r\n            jQuery(el).removeClass('is-valid').addClass('is-invalid');\r\n            feedback.show();\r\n        }\r\n\r\n        return valid;\r\n    }\r\n\r\n    function thss_check(el) {\r\n        var isRo = jQuery(el).is('[readonly]');\r\n        if(isRo) jQuery(el).removeAttr('readonly');\r\n\r\n        var valid = thss_validate(el);\r\n        if(isRo) jQuery(el).attr('readonly', true);\r\n\r\n        return valid;\r\n    }\r\n\r\n    jQuery('#thss_main_form').on('blur change', 'input:not([type=\"hidden\"]), select, textarea', function() {\r\n        if (jQuery(this).hasClass('is-invalid') || jQuery(this).hasClass('is-valid')) {\r\n            thss_check(this);\r\n        }\r\n    });\r\n\r\n    jQuery('#thss_main_form').on('submit', function(e) {\r\n        var valid = true;\r\n\r\n        jQuery(this).find('input:not([type=\"hidden\"]), select, textarea').each(function() {\r\n            if (!thss_check(this)) {\r\n                valid = false;\r\n            }\r\n        });\r\n\r\n        jQuery(this).addClass('was-validated');\r\n\r\n        if (!valid) {\r\n            e.preventDefault();\r\n            jQuery(this).find('.is-invalid:first').focus();\r\n            return false;\r\n        } else {\r\n            jQuery('#loadingOverlay').addClass('active');\r\n        }\r\n    });\r\n});\r\n<\/script><script>\r\n\r\nfunction initializeRow(rowNumber) {\r\n    jQuery(`.thss-upload-icon[data-input=\"fileInput${rowNumber}\"]`).off('click.thss').on('click.thss', function(e) {\r\n        e.preventDefault();\r\n        e.stopPropagation();\r\n        jQuery(`#fileInput${rowNumber}`).click();\r\n        return false;\r\n    });\r\n\r\n    jQuery(`#fileInput${rowNumber}`).off('change.thss').on('change.thss', function(e) {\r\n        const files = e.target.files;\r\n        if (files && files.length > 0) {\r\n            jQuery(`.thss-clear-button${rowNumber}`).addClass('show');\r\n            jQuery(`#fileInfo${rowNumber}`).text(files[0].name);\r\n        } else {\r\n            jQuery(`.thss-clear-button${rowNumber}`).removeClass('show');\r\n            jQuery(`#fileInfo${rowNumber}`).text('No file');\r\n        }\r\n    });\r\n\r\n    jQuery(`.thss-clear-button${rowNumber}`).off('click.thss').on('click.thss', function(e) {\r\n        e.preventDefault();\r\n        e.stopPropagation();\r\n        jQuery(`#fileInput${rowNumber}`).val('');\r\n        jQuery(`.thss-clear-button${rowNumber}`).removeClass('show');\r\n        jQuery(`#fileInfo${rowNumber}`).text('No file');\r\n        return false;\r\n    });\r\n}\r\n<\/script><script>\r\n    jQuery(document).ready(function() {\r\n        initializeRow(3);\r\n        initializeRow(4);\r\n    });\r\n<\/script>\r\n\n\n<p class=\"has-medium-font-size\"><\/p>\n\n<p><\/p>\n","protected":false},"excerpt":{"rendered":"","protected":false},"author":2,"featured_media":0,"parent":0,"menu_order":0,"comment_status":"closed","ping_status":"closed","template":"","meta":{"footnotes":""},"class_list":["post-344","page","type-page","status-publish","hentry"],"_links":{"self":[{"href":"https:\/\/serwis.thermosilesia.pl\/en\/wp-json\/wp\/v2\/pages\/344","targetHints":{"allow":["GET"]}}],"collection":[{"href":"https:\/\/serwis.thermosilesia.pl\/en\/wp-json\/wp\/v2\/pages"}],"about":[{"href":"https:\/\/serwis.thermosilesia.pl\/en\/wp-json\/wp\/v2\/types\/page"}],"author":[{"embeddable":true,"href":"https:\/\/serwis.thermosilesia.pl\/en\/wp-json\/wp\/v2\/users\/2"}],"replies":[{"embeddable":true,"href":"https:\/\/serwis.thermosilesia.pl\/en\/wp-json\/wp\/v2\/comments?post=344"}],"version-history":[{"count":1,"href":"https:\/\/serwis.thermosilesia.pl\/en\/wp-json\/wp\/v2\/pages\/344\/revisions"}],"predecessor-version":[{"id":345,"href":"https:\/\/serwis.thermosilesia.pl\/en\/wp-json\/wp\/v2\/pages\/344\/revisions\/345"}],"wp:attachment":[{"href":"https:\/\/serwis.thermosilesia.pl\/en\/wp-json\/wp\/v2\/media?parent=344"}],"curies":[{"name":"wp","href":"https:\/\/api.w.org\/{rel}","templated":true}]}}